{"id":3679,"date":"2025-02-04T15:19:20","date_gmt":"2025-02-04T15:19:20","guid":{"rendered":"https:\/\/www.visitbenavente.pt\/noticias\/"},"modified":"2026-04-07T13:24:12","modified_gmt":"2026-04-07T13:24:12","slug":"noticias","status":"publish","type":"page","link":"https:\/\/www.visitbenavente.pt\/es\/noticias\/","title":{"rendered":"Noticias"},"content":{"rendered":"\t\t<div data-elementor-type=\"wp-page\" data-elementor-id=\"3679\" class=\"elementor elementor-3679 elementor-237\" data-elementor-post-type=\"page\">\n\t\t\t\t<div class=\"elementor-element elementor-element-5fda0a7 e-flex e-con-boxed e-con e-parent\" data-id=\"5fda0a7\" data-element_type=\"container\" data-e-type=\"container\" data-settings=\"{&quot;background_background&quot;:&quot;slideshow&quot;,&quot;shape_divider_bottom&quot;:&quot;triangle-asymmetrical&quot;,&quot;background_slideshow_gallery&quot;:[{&quot;id&quot;:3680,&quot;url&quot;:&quot;https:\\\/\\\/www.visitbenavente.pt\\\/wp-content\\\/uploads\\\/2025\\\/02\\\/noticias-heading.jpg&quot;}],&quot;background_slideshow_loop&quot;:&quot;yes&quot;,&quot;background_slideshow_slide_duration&quot;:5000,&quot;background_slideshow_slide_transition&quot;:&quot;fade&quot;,&quot;background_slideshow_transition_duration&quot;:500}\">\n\t\t\t\t\t<div class=\"e-con-inner\">\n\t\t\t\t<div class=\"elementor-shape elementor-shape-bottom\" aria-hidden=\"true\" data-negative=\"false\">\n\t\t\t<svg xmlns=\"http:\/\/www.w3.org\/2000\/svg\" viewBox=\"0 0 1000 100\" preserveAspectRatio=\"none\">\n\t<path class=\"elementor-shape-fill\" d=\"M738,99l262-93V0H0v5.6L738,99z\"\/>\n<\/svg>\t\t<\/div>\n\t\t<div class=\"elementor-element elementor-element-a1b4db1 e-con-full e-flex e-con e-child\" data-id=\"a1b4db1\" data-element_type=\"container\" data-e-type=\"container\">\n\t\t\t\t<div class=\"elementor-element elementor-element-a53aa4a elementor-widget elementor-widget-heading\" data-id=\"a53aa4a\" data-element_type=\"widget\" data-e-type=\"widget\" data-widget_type=\"heading.default\">\n\t\t\t\t<div class=\"elementor-widget-container\">\n\t\t\t\t\t<h1 class=\"elementor-heading-title elementor-size-default\">Noticias<\/h1>\t\t\t\t<\/div>\n\t\t\t\t<\/div>\n\t\t\t\t<\/div>\n\t\t\t\t\t<\/div>\n\t\t\t\t<\/div>\n\t\t<div class=\"elementor-element elementor-element-c7afcb7 e-flex e-con-boxed e-con e-parent\" data-id=\"c7afcb7\" data-element_type=\"container\" data-e-type=\"container\">\n\t\t\t\t\t<div class=\"e-con-inner\">\n\t\t\t\t<div class=\"elementor-element elementor-element-f2d5835 elementor-grid-3 elementor-grid-tablet-2 elementor-grid-mobile-1 elementor-posts--thumbnail-top elementor-widget elementor-widget-posts\" data-id=\"f2d5835\" data-element_type=\"widget\" data-e-type=\"widget\" data-settings=\"{&quot;pagination_type&quot;:&quot;load_more_infinite_scroll&quot;,&quot;classic_columns&quot;:&quot;3&quot;,&quot;classic_columns_tablet&quot;:&quot;2&quot;,&quot;classic_columns_mobile&quot;:&quot;1&quot;,&quot;classic_row_gap&quot;:{&quot;unit&quot;:&quot;px&quot;,&quot;size&quot;:35,&quot;sizes&quot;:[]},&quot;classic_row_gap_widescreen&quot;:{&quot;unit&quot;:&quot;px&quot;,&quot;size&quot;:&quot;&quot;,&quot;sizes&quot;:[]},&quot;classic_row_gap_laptop&quot;:{&quot;unit&quot;:&quot;px&quot;,&quot;size&quot;:&quot;&quot;,&quot;sizes&quot;:[]},&quot;classic_row_gap_tablet_extra&quot;:{&quot;unit&quot;:&quot;px&quot;,&quot;size&quot;:&quot;&quot;,&quot;sizes&quot;:[]},&quot;classic_row_gap_tablet&quot;:{&quot;unit&quot;:&quot;px&quot;,&quot;size&quot;:&quot;&quot;,&quot;sizes&quot;:[]},&quot;classic_row_gap_mobile_extra&quot;:{&quot;unit&quot;:&quot;px&quot;,&quot;size&quot;:&quot;&quot;,&quot;sizes&quot;:[]},&quot;classic_row_gap_mobile&quot;:{&quot;unit&quot;:&quot;px&quot;,&quot;size&quot;:&quot;&quot;,&quot;sizes&quot;:[]},&quot;load_more_spinner&quot;:{&quot;value&quot;:&quot;fas fa-spinner&quot;,&quot;library&quot;:&quot;fa-solid&quot;}}\" data-widget_type=\"posts.classic\">\n\t\t\t\t<div class=\"elementor-widget-container\">\n\t\t\t\t\t\t\t<div class=\"elementor-posts-container elementor-posts elementor-posts--skin-classic elementor-grid\" role=\"list\">\n\t\t\t\t<article class=\"elementor-post elementor-grid-item post-3929 post type-post status-publish format-standard has-post-thumbnail hentry category-noticias tag-cultura tag-diario tag-municipio-de-benavente\" role=\"listitem\">\n\t\t\t\t<a class=\"elementor-post__thumbnail__link\" href=\"https:\/\/www.visitbenavente.pt\/es\/agenda-municipal-marzo-abril-2026\/\" tabindex=\"-1\">\n\t\t\t<div class=\"elementor-post__thumbnail\"><img fetchpriority=\"high\" decoding=\"async\" width=\"800\" height=\"420\" src=\"https:\/\/www.visitbenavente.pt\/wp-content\/uploads\/2026\/03\/MARABR26_1200-1024x538.png\" class=\"attachment-large size-large wp-image-3930\" alt=\"\" srcset=\"https:\/\/www.visitbenavente.pt\/wp-content\/uploads\/2026\/03\/MARABR26_1200-1024x538.png 1024w, https:\/\/www.visitbenavente.pt\/wp-content\/uploads\/2026\/03\/MARABR26_1200-300x158.png 300w, https:\/\/www.visitbenavente.pt\/wp-content\/uploads\/2026\/03\/MARABR26_1200-768x403.png 768w, https:\/\/www.visitbenavente.pt\/wp-content\/uploads\/2026\/03\/MARABR26_1200.png 1200w\" sizes=\"(max-width: 800px) 100vw, 800px\" \/><\/div>\n\t\t<\/a>\n\t\t\t\t<div class=\"elementor-post__text\">\n\t\t\t\t<h3 class=\"elementor-post__title\">\n\t\t\t<a href=\"https:\/\/www.visitbenavente.pt\/es\/agenda-municipal-marzo-abril-2026\/\">\n\t\t\t\tAgenda Municipal | Marzo\/Abril 2026\t\t\t<\/a>\n\t\t<\/h3>\n\t\t\t\t<div class=\"elementor-post__meta-data\">\n\t\t\t\t\t<span class=\"elementor-post-date\">\n\t\t\t12 de marzo de 2026\t\t<\/span>\n\t\t\t\t<\/div>\n\t\t\t\t<div class=\"elementor-post__excerpt\">\n\t\t\t<p>Ver el Orden del D\u00eda del Ayuntamiento de Benavente para marzo\/abril de 2026<\/p>\n\t\t<\/div>\n\t\t\n\t\t<a class=\"elementor-post__read-more\" href=\"https:\/\/www.visitbenavente.pt\/es\/agenda-municipal-marzo-abril-2026\/\" aria-label=\"M\u00e1s informaci\u00f3n sobre Agenda Municipal | Marzo\/Abril 2026\" tabindex=\"-1\">\n\t\t\tLeer m\u00e1s \"\t\t<\/a>\n\n\t\t\t\t<\/div>\n\t\t\t\t<\/article>\n\t\t\t\t<article class=\"elementor-post elementor-grid-item post-3935 post type-post status-publish format-standard has-post-thumbnail hentry category-noticias tag-btl tag-turismo-benavente tag-visitabenavente tag-visitribatejo\" role=\"listitem\">\n\t\t\t\t<a class=\"elementor-post__thumbnail__link\" href=\"https:\/\/www.visitbenavente.pt\/es\/el-municipio-de-benavente-en-la-btl-2026\/\" tabindex=\"-1\">\n\t\t\t<div class=\"elementor-post__thumbnail\"><img decoding=\"async\" width=\"800\" height=\"640\" src=\"https:\/\/www.visitbenavente.pt\/wp-content\/uploads\/2026\/02\/BTL26-1024x819.jpg\" class=\"attachment-large size-large wp-image-3936\" alt=\"\" srcset=\"https:\/\/www.visitbenavente.pt\/wp-content\/uploads\/2026\/02\/BTL26-1024x819.jpg 1024w, https:\/\/www.visitbenavente.pt\/wp-content\/uploads\/2026\/02\/BTL26-300x240.jpg 300w, https:\/\/www.visitbenavente.pt\/wp-content\/uploads\/2026\/02\/BTL26-768x614.jpg 768w, https:\/\/www.visitbenavente.pt\/wp-content\/uploads\/2026\/02\/BTL26.jpg 1350w\" sizes=\"(max-width: 800px) 100vw, 800px\" \/><\/div>\n\t\t<\/a>\n\t\t\t\t<div class=\"elementor-post__text\">\n\t\t\t\t<h3 class=\"elementor-post__title\">\n\t\t\t<a href=\"https:\/\/www.visitbenavente.pt\/es\/el-municipio-de-benavente-en-la-btl-2026\/\">\n\t\t\t\tEl municipio de Benavente en la BTL 2026\t\t\t<\/a>\n\t\t<\/h3>\n\t\t\t\t<div class=\"elementor-post__meta-data\">\n\t\t\t\t\t<span class=\"elementor-post-date\">\n\t\t\t21 de febrero de 2026\t\t<\/span>\n\t\t\t\t<\/div>\n\t\t\t\t<div class=\"elementor-post__excerpt\">\n\t\t\t<p>El municipio de Benavente en la BTL 2026<\/p>\n\t\t<\/div>\n\t\t\n\t\t<a class=\"elementor-post__read-more\" href=\"https:\/\/www.visitbenavente.pt\/es\/el-municipio-de-benavente-en-la-btl-2026\/\" aria-label=\"M\u00e1s informaci\u00f3n sobre El municipio de Benavente en la BTL 2026\" tabindex=\"-1\">\n\t\t\tLeer m\u00e1s \"\t\t<\/a>\n\n\t\t\t\t<\/div>\n\t\t\t\t<\/article>\n\t\t\t\t<article class=\"elementor-post elementor-grid-item post-3941 post type-post status-publish format-standard has-post-thumbnail hentry category-noticias tag-arcilla tag-benavente tag-cultura tag-diario tag-municipio-de-benavente tag-samora-correia tag-san-esteban\" role=\"listitem\">\n\t\t\t\t<a class=\"elementor-post__thumbnail__link\" href=\"https:\/\/www.visitbenavente.pt\/es\/orden-del-dia-del-ayuntamiento-enero-febrero-2026\/\" tabindex=\"-1\">\n\t\t\t<div class=\"elementor-post__thumbnail\"><img decoding=\"async\" width=\"800\" height=\"420\" src=\"https:\/\/www.visitbenavente.pt\/wp-content\/uploads\/2026\/01\/JANFEV26_1200-1024x538.png\" class=\"attachment-large size-large wp-image-3942\" alt=\"\" srcset=\"https:\/\/www.visitbenavente.pt\/wp-content\/uploads\/2026\/01\/JANFEV26_1200-1024x538.png 1024w, https:\/\/www.visitbenavente.pt\/wp-content\/uploads\/2026\/01\/JANFEV26_1200-300x158.png 300w, https:\/\/www.visitbenavente.pt\/wp-content\/uploads\/2026\/01\/JANFEV26_1200-768x403.png 768w, https:\/\/www.visitbenavente.pt\/wp-content\/uploads\/2026\/01\/JANFEV26_1200.png 1200w\" sizes=\"(max-width: 800px) 100vw, 800px\" \/><\/div>\n\t\t<\/a>\n\t\t\t\t<div class=\"elementor-post__text\">\n\t\t\t\t<h3 class=\"elementor-post__title\">\n\t\t\t<a href=\"https:\/\/www.visitbenavente.pt\/es\/orden-del-dia-del-ayuntamiento-enero-febrero-2026\/\">\n\t\t\t\tOrden del d\u00eda del Ayuntamiento | Enero\/Febrero 2026\t\t\t<\/a>\n\t\t<\/h3>\n\t\t\t\t<div class=\"elementor-post__meta-data\">\n\t\t\t\t\t<span class=\"elementor-post-date\">\n\t\t\t6 de enero de 2026\t\t<\/span>\n\t\t\t\t<\/div>\n\t\t\t\t<div class=\"elementor-post__excerpt\">\n\t\t\t<p>Consulta el Orden del D\u00eda del Ayuntamiento de Benavente para enero\/febrero de 2026 AQU\u00cd<\/p>\n\t\t<\/div>\n\t\t\n\t\t<a class=\"elementor-post__read-more\" href=\"https:\/\/www.visitbenavente.pt\/es\/orden-del-dia-del-ayuntamiento-enero-febrero-2026\/\" aria-label=\"M\u00e1s informaci\u00f3n sobre Orden del d\u00eda del Ayuntamiento | Enero\/Febrero 2026\" tabindex=\"-1\">\n\t\t\tLeer m\u00e1s \"\t\t<\/a>\n\n\t\t\t\t<\/div>\n\t\t\t\t<\/article>\n\t\t\t\t<article class=\"elementor-post elementor-grid-item post-3947 post type-post status-publish format-standard has-post-thumbnail hentry category-noticias tag-benavente tag-mercado-navideno-de-benavente tag-municipio-de-benavente tag-samora-correia tag-turismo\" role=\"listitem\">\n\t\t\t\t<a class=\"elementor-post__thumbnail__link\" href=\"https:\/\/www.visitbenavente.pt\/es\/el-mercado-de-navidad-del-ayuntamiento-de-benavente-concluyo-con-gran-exito\/\" tabindex=\"-1\">\n\t\t\t<div class=\"elementor-post__thumbnail\"><img loading=\"lazy\" decoding=\"async\" width=\"800\" height=\"420\" src=\"https:\/\/www.visitbenavente.pt\/wp-content\/uploads\/2025\/12\/mercado-natal-benavente-1200-1024x538.webp\" class=\"attachment-large size-large wp-image-3948\" alt=\"\" srcset=\"https:\/\/www.visitbenavente.pt\/wp-content\/uploads\/2025\/12\/mercado-natal-benavente-1200-1024x538.webp 1024w, https:\/\/www.visitbenavente.pt\/wp-content\/uploads\/2025\/12\/mercado-natal-benavente-1200-300x158.webp 300w, https:\/\/www.visitbenavente.pt\/wp-content\/uploads\/2025\/12\/mercado-natal-benavente-1200-768x403.webp 768w, https:\/\/www.visitbenavente.pt\/wp-content\/uploads\/2025\/12\/mercado-natal-benavente-1200.webp 1200w\" sizes=\"(max-width: 800px) 100vw, 800px\" \/><\/div>\n\t\t<\/a>\n\t\t\t\t<div class=\"elementor-post__text\">\n\t\t\t\t<h3 class=\"elementor-post__title\">\n\t\t\t<a href=\"https:\/\/www.visitbenavente.pt\/es\/el-mercado-de-navidad-del-ayuntamiento-de-benavente-concluyo-con-gran-exito\/\">\n\t\t\t\t\u00a1El Mercado de Navidad del Ayuntamiento de Benavente concluy\u00f3 con gran \u00e9xito!\t\t\t<\/a>\n\t\t<\/h3>\n\t\t\t\t<div class=\"elementor-post__meta-data\">\n\t\t\t\t\t<span class=\"elementor-post-date\">\n\t\t\t9 de diciembre de 2025\t\t<\/span>\n\t\t\t\t<\/div>\n\t\t\t\t<div class=\"elementor-post__excerpt\">\n\t\t\t<p>Un agradecimiento especial al personal del Ayuntamiento, cuya incansable dedicaci\u00f3n y compromiso hicieron que este acontecimiento fuera m\u00e1gico. Extendemos nuestro agradecimiento a los artesanos; productores;<\/p>\n\t\t<\/div>\n\t\t\n\t\t<a class=\"elementor-post__read-more\" href=\"https:\/\/www.visitbenavente.pt\/es\/el-mercado-de-navidad-del-ayuntamiento-de-benavente-concluyo-con-gran-exito\/\" aria-label=\"M\u00e1s informaci\u00f3n sobre \u00a1El Mercado de Navidad del Ayuntamiento de Benavente concluy\u00f3 con gran \u00e9xito!\" tabindex=\"-1\">\n\t\t\tLeer m\u00e1s \"\t\t<\/a>\n\n\t\t\t\t<\/div>\n\t\t\t\t<\/article>\n\t\t\t\t<article class=\"elementor-post elementor-grid-item post-3953 post type-post status-publish format-standard has-post-thumbnail hentry category-noticias tag-benavente tag-mercado-navideno-de-benavente tag-municipio-de-benavente tag-samora-correia tag-turismo\" role=\"listitem\">\n\t\t\t\t<a class=\"elementor-post__thumbnail__link\" href=\"https:\/\/www.visitbenavente.pt\/es\/un-escenario-magico-para-el-mercado-navideno-de-benavente-del-28-de-noviembre-al-8-de-diciembre\/\" tabindex=\"-1\">\n\t\t\t<div class=\"elementor-post__thumbnail\"><img loading=\"lazy\" decoding=\"async\" width=\"800\" height=\"420\" src=\"https:\/\/www.visitbenavente.pt\/wp-content\/uploads\/2025\/11\/Mercados-de-Natal-1200x630-1-1024x538.webp\" class=\"attachment-large size-large wp-image-3954\" alt=\"\" srcset=\"https:\/\/www.visitbenavente.pt\/wp-content\/uploads\/2025\/11\/Mercados-de-Natal-1200x630-1-1024x538.webp 1024w, https:\/\/www.visitbenavente.pt\/wp-content\/uploads\/2025\/11\/Mercados-de-Natal-1200x630-1-300x158.webp 300w, https:\/\/www.visitbenavente.pt\/wp-content\/uploads\/2025\/11\/Mercados-de-Natal-1200x630-1-768x403.webp 768w, https:\/\/www.visitbenavente.pt\/wp-content\/uploads\/2025\/11\/Mercados-de-Natal-1200x630-1.webp 1200w\" sizes=\"(max-width: 800px) 100vw, 800px\" \/><\/div>\n\t\t<\/a>\n\t\t\t\t<div class=\"elementor-post__text\">\n\t\t\t\t<h3 class=\"elementor-post__title\">\n\t\t\t<a href=\"https:\/\/www.visitbenavente.pt\/es\/un-escenario-magico-para-el-mercado-navideno-de-benavente-del-28-de-noviembre-al-8-de-diciembre\/\">\n\t\t\t\tUn escenario m\u00e1gico para el Mercado Navide\u00f1o de Benavente, del 28 de noviembre al 8 de diciembre\t\t\t<\/a>\n\t\t<\/h3>\n\t\t\t\t<div class=\"elementor-post__meta-data\">\n\t\t\t\t\t<span class=\"elementor-post-date\">\n\t\t\t27 de noviembre de 2025\t\t<\/span>\n\t\t\t\t<\/div>\n\t\t\t\t<div class=\"elementor-post__excerpt\">\n\t\t\t<p>Entre las luces parpadeantes y los aromas tradicionales del Parque 25 de Abril, encontrar\u00e1s artesan\u00eda \u00fanica, productores locales y tabernas llenas de sabores irresistibles. Los<\/p>\n\t\t<\/div>\n\t\t\n\t\t<a class=\"elementor-post__read-more\" href=\"https:\/\/www.visitbenavente.pt\/es\/un-escenario-magico-para-el-mercado-navideno-de-benavente-del-28-de-noviembre-al-8-de-diciembre\/\" aria-label=\"M\u00e1s informaci\u00f3n sobre Un escenario m\u00e1gico para el Mercado Navide\u00f1o de Benavente, del 28 de noviembre al 8 de diciembre\" tabindex=\"-1\">\n\t\t\tLeer m\u00e1s \"\t\t<\/a>\n\n\t\t\t\t<\/div>\n\t\t\t\t<\/article>\n\t\t\t\t<article class=\"elementor-post elementor-grid-item post-3959 post type-post status-publish format-standard has-post-thumbnail hentry category-sin-categorizar tag-eventos tag-municipio-de-benavente tag-turismo-2\" role=\"listitem\">\n\t\t\t\t<a class=\"elementor-post__thumbnail__link\" href=\"https:\/\/www.visitbenavente.pt\/es\/agenda-del-consejo-municipal-noviembre-diciembre-2025\/\" tabindex=\"-1\">\n\t\t\t<div class=\"elementor-post__thumbnail\"><img loading=\"lazy\" decoding=\"async\" width=\"800\" height=\"420\" src=\"https:\/\/www.visitbenavente.pt\/wp-content\/uploads\/2025\/11\/NOVDEZ25_1200-1024x538.png\" class=\"attachment-large size-large wp-image-3960\" alt=\"\" srcset=\"https:\/\/www.visitbenavente.pt\/wp-content\/uploads\/2025\/11\/NOVDEZ25_1200-1024x538.png 1024w, https:\/\/www.visitbenavente.pt\/wp-content\/uploads\/2025\/11\/NOVDEZ25_1200-300x158.png 300w, https:\/\/www.visitbenavente.pt\/wp-content\/uploads\/2025\/11\/NOVDEZ25_1200-768x403.png 768w, https:\/\/www.visitbenavente.pt\/wp-content\/uploads\/2025\/11\/NOVDEZ25_1200.png 1200w\" sizes=\"(max-width: 800px) 100vw, 800px\" \/><\/div>\n\t\t<\/a>\n\t\t\t\t<div class=\"elementor-post__text\">\n\t\t\t\t<h3 class=\"elementor-post__title\">\n\t\t\t<a href=\"https:\/\/www.visitbenavente.pt\/es\/agenda-del-consejo-municipal-noviembre-diciembre-2025\/\">\n\t\t\t\tAgenda del Consejo Municipal | Noviembre \/ Diciembre 2025\t\t\t<\/a>\n\t\t<\/h3>\n\t\t\t\t<div class=\"elementor-post__meta-data\">\n\t\t\t\t\t<span class=\"elementor-post-date\">\n\t\t\t11 de noviembre de 2025\t\t<\/span>\n\t\t\t\t<\/div>\n\t\t\t\t<div class=\"elementor-post__excerpt\">\n\t\t\t<p>Eventos en el Municipio de Benavente<\/p>\n\t\t<\/div>\n\t\t\n\t\t<a class=\"elementor-post__read-more\" href=\"https:\/\/www.visitbenavente.pt\/es\/agenda-del-consejo-municipal-noviembre-diciembre-2025\/\" aria-label=\"M\u00e1s informaci\u00f3n sobre Agenda del Consejo Municipal | Noviembre \/ Diciembre 2025\" tabindex=\"-1\">\n\t\t\tLeer m\u00e1s \"\t\t<\/a>\n\n\t\t\t\t<\/div>\n\t\t\t\t<\/article>\n\t\t\t\t<\/div>\n\t\t\t\t\t<span class=\"e-load-more-spinner\">\n\t\t\t\t<svg aria-hidden=\"true\" class=\"e-font-icon-svg e-fas-spinner\" viewBox=\"0 0 512 512\" xmlns=\"http:\/\/www.w3.org\/2000\/svg\"><path d=\"M304 48c0 26.51-21.49 48-48 48s-48-21.49-48-48 21.49-48 48-48 48 21.49 48 48zm-48 368c-26.51 0-48 21.49-48 48s21.49 48 48 48 48-21.49 48-48-21.49-48-48-48zm208-208c-26.51 0-48 21.49-48 48s21.49 48 48 48 48-21.49 48-48-21.49-48-48-48zM96 256c0-26.51-21.49-48-48-48S0 229.49 0 256s21.49 48 48 48 48-21.49 48-48zm12.922 99.078c-26.51 0-48 21.49-48 48s21.49 48 48 48 48-21.49 48-48c0-26.509-21.491-48-48-48zm294.156 0c-26.51 0-48 21.49-48 48s21.49 48 48 48 48-21.49 48-48c0-26.509-21.49-48-48-48zM108.922 60.922c-26.51 0-48 21.49-48 48s21.49 48 48 48 48-21.49 48-48-21.491-48-48-48z\"><\/path><\/svg>\t\t\t<\/span>\n\t\t\n\t\t\t\t<div class=\"e-load-more-anchor\" data-page=\"1\" data-max-page=\"4\" data-next-page=\"https:\/\/www.visitbenavente.pt\/es\/wp-json\/wp\/v2\/pages\/3679\/page\/2\/\"><\/div>\n\t\t\t\t<div class=\"e-load-more-message\"><\/div>\n\t\t\t\t\t\t<\/div>\n\t\t\t\t<\/div>\n\t\t\t\t\t<\/div>\n\t\t\t\t<\/div>\n\t\t\t\t<\/div>\n\t\t","protected":false},"excerpt":{"rendered":"<p>Consulta las noticias de la Oficina Municipal de Turismo de Benavente.<\/p>\n","protected":false},"author":2,"featured_media":3680,"parent":0,"menu_order":0,"comment_status":"closed","ping_status":"closed","template":"","meta":{"footnotes":""},"class_list":["post-3679","page","type-page","status-publish","has-post-thumbnail","hentry"],"_links":{"self":[{"href":"https:\/\/www.visitbenavente.pt\/es\/wp-json\/wp\/v2\/pages\/3679","targetHints":{"allow":["GET"]}}],"collection":[{"href":"https:\/\/www.visitbenavente.pt\/es\/wp-json\/wp\/v2\/pages"}],"about":[{"href":"https:\/\/www.visitbenavente.pt\/es\/wp-json\/wp\/v2\/types\/page"}],"author":[{"embeddable":true,"href":"https:\/\/www.visitbenavente.pt\/es\/wp-json\/wp\/v2\/users\/2"}],"replies":[{"embeddable":true,"href":"https:\/\/www.visitbenavente.pt\/es\/wp-json\/wp\/v2\/comments?post=3679"}],"version-history":[{"count":1,"href":"https:\/\/www.visitbenavente.pt\/es\/wp-json\/wp\/v2\/pages\/3679\/revisions"}],"predecessor-version":[{"id":3681,"href":"https:\/\/www.visitbenavente.pt\/es\/wp-json\/wp\/v2\/pages\/3679\/revisions\/3681"}],"wp:featuredmedia":[{"embeddable":true,"href":"https:\/\/www.visitbenavente.pt\/es\/wp-json\/wp\/v2\/media\/3680"}],"wp:attachment":[{"href":"https:\/\/www.visitbenavente.pt\/es\/wp-json\/wp\/v2\/media?parent=3679"}],"curies":[{"name":"wp","href":"https:\/\/api.w.org\/{rel}","templated":true}]}}