{"id":3676,"date":"2025-02-04T15:19:20","date_gmt":"2025-02-04T15:19:20","guid":{"rendered":"https:\/\/www.visitbenavente.pt\/actualites\/"},"modified":"2026-04-07T13:23:56","modified_gmt":"2026-04-07T13:23:56","slug":"actualites","status":"publish","type":"page","link":"https:\/\/www.visitbenavente.pt\/fr\/actualites\/","title":{"rendered":"Actualit\u00e9s"},"content":{"rendered":"\t\t<div data-elementor-type=\"wp-page\" data-elementor-id=\"3676\" class=\"elementor elementor-3676 elementor-237\" data-elementor-post-type=\"page\">\n\t\t\t\t<div class=\"elementor-element elementor-element-5fda0a7 e-flex e-con-boxed e-con e-parent\" data-id=\"5fda0a7\" data-element_type=\"container\" data-e-type=\"container\" data-settings=\"{&quot;background_background&quot;:&quot;slideshow&quot;,&quot;shape_divider_bottom&quot;:&quot;triangle-asymmetrical&quot;,&quot;background_slideshow_gallery&quot;:[{&quot;id&quot;:3677,&quot;url&quot;:&quot;https:\\\/\\\/www.visitbenavente.pt\\\/wp-content\\\/uploads\\\/2025\\\/02\\\/noticias-heading.jpg&quot;}],&quot;background_slideshow_loop&quot;:&quot;yes&quot;,&quot;background_slideshow_slide_duration&quot;:5000,&quot;background_slideshow_slide_transition&quot;:&quot;fade&quot;,&quot;background_slideshow_transition_duration&quot;:500}\">\n\t\t\t\t\t<div class=\"e-con-inner\">\n\t\t\t\t<div class=\"elementor-shape elementor-shape-bottom\" aria-hidden=\"true\" data-negative=\"false\">\n\t\t\t<svg xmlns=\"http:\/\/www.w3.org\/2000\/svg\" viewBox=\"0 0 1000 100\" preserveAspectRatio=\"none\">\n\t<path class=\"elementor-shape-fill\" d=\"M738,99l262-93V0H0v5.6L738,99z\"\/>\n<\/svg>\t\t<\/div>\n\t\t<div class=\"elementor-element elementor-element-a1b4db1 e-con-full e-flex e-con e-child\" data-id=\"a1b4db1\" data-element_type=\"container\" data-e-type=\"container\">\n\t\t\t\t<div class=\"elementor-element elementor-element-a53aa4a elementor-widget elementor-widget-heading\" data-id=\"a53aa4a\" data-element_type=\"widget\" data-e-type=\"widget\" data-widget_type=\"heading.default\">\n\t\t\t\t<div class=\"elementor-widget-container\">\n\t\t\t\t\t<h1 class=\"elementor-heading-title elementor-size-default\">Actualit\u00e9s<\/h1>\t\t\t\t<\/div>\n\t\t\t\t<\/div>\n\t\t\t\t<\/div>\n\t\t\t\t\t<\/div>\n\t\t\t\t<\/div>\n\t\t<div class=\"elementor-element elementor-element-c7afcb7 e-flex e-con-boxed e-con e-parent\" data-id=\"c7afcb7\" data-element_type=\"container\" data-e-type=\"container\">\n\t\t\t\t\t<div class=\"e-con-inner\">\n\t\t\t\t<div class=\"elementor-element elementor-element-f2d5835 elementor-grid-3 elementor-grid-tablet-2 elementor-grid-mobile-1 elementor-posts--thumbnail-top elementor-widget elementor-widget-posts\" data-id=\"f2d5835\" data-element_type=\"widget\" data-e-type=\"widget\" data-settings=\"{&quot;pagination_type&quot;:&quot;load_more_infinite_scroll&quot;,&quot;classic_columns&quot;:&quot;3&quot;,&quot;classic_columns_tablet&quot;:&quot;2&quot;,&quot;classic_columns_mobile&quot;:&quot;1&quot;,&quot;classic_row_gap&quot;:{&quot;unit&quot;:&quot;px&quot;,&quot;size&quot;:35,&quot;sizes&quot;:[]},&quot;classic_row_gap_widescreen&quot;:{&quot;unit&quot;:&quot;px&quot;,&quot;size&quot;:&quot;&quot;,&quot;sizes&quot;:[]},&quot;classic_row_gap_laptop&quot;:{&quot;unit&quot;:&quot;px&quot;,&quot;size&quot;:&quot;&quot;,&quot;sizes&quot;:[]},&quot;classic_row_gap_tablet_extra&quot;:{&quot;unit&quot;:&quot;px&quot;,&quot;size&quot;:&quot;&quot;,&quot;sizes&quot;:[]},&quot;classic_row_gap_tablet&quot;:{&quot;unit&quot;:&quot;px&quot;,&quot;size&quot;:&quot;&quot;,&quot;sizes&quot;:[]},&quot;classic_row_gap_mobile_extra&quot;:{&quot;unit&quot;:&quot;px&quot;,&quot;size&quot;:&quot;&quot;,&quot;sizes&quot;:[]},&quot;classic_row_gap_mobile&quot;:{&quot;unit&quot;:&quot;px&quot;,&quot;size&quot;:&quot;&quot;,&quot;sizes&quot;:[]},&quot;load_more_spinner&quot;:{&quot;value&quot;:&quot;fas fa-spinner&quot;,&quot;library&quot;:&quot;fa-solid&quot;}}\" data-widget_type=\"posts.classic\">\n\t\t\t\t<div class=\"elementor-widget-container\">\n\t\t\t\t\t\t\t<div class=\"elementor-posts-container elementor-posts elementor-posts--skin-classic elementor-grid\" role=\"list\">\n\t\t\t\t<article class=\"elementor-post elementor-grid-item post-3926 post type-post status-publish format-standard has-post-thumbnail hentry category-actualites tag-culture tag-journal tag-municipalite-de-benavente\" role=\"listitem\">\n\t\t\t\t<a class=\"elementor-post__thumbnail__link\" href=\"https:\/\/www.visitbenavente.pt\/fr\/agenda-municipal-mars-avril-2026\/\" tabindex=\"-1\">\n\t\t\t<div class=\"elementor-post__thumbnail\"><img fetchpriority=\"high\" decoding=\"async\" width=\"800\" height=\"420\" src=\"https:\/\/www.visitbenavente.pt\/wp-content\/uploads\/2026\/03\/MARABR26_1200-1024x538.png\" class=\"attachment-large size-large wp-image-3927\" alt=\"\" srcset=\"https:\/\/www.visitbenavente.pt\/wp-content\/uploads\/2026\/03\/MARABR26_1200-1024x538.png 1024w, https:\/\/www.visitbenavente.pt\/wp-content\/uploads\/2026\/03\/MARABR26_1200-300x158.png 300w, https:\/\/www.visitbenavente.pt\/wp-content\/uploads\/2026\/03\/MARABR26_1200-768x403.png 768w, https:\/\/www.visitbenavente.pt\/wp-content\/uploads\/2026\/03\/MARABR26_1200.png 1200w\" sizes=\"(max-width: 800px) 100vw, 800px\" \/><\/div>\n\t\t<\/a>\n\t\t\t\t<div class=\"elementor-post__text\">\n\t\t\t\t<h3 class=\"elementor-post__title\">\n\t\t\t<a href=\"https:\/\/www.visitbenavente.pt\/fr\/agenda-municipal-mars-avril-2026\/\">\n\t\t\t\tAgenda municipal | mars\/avril 2026\t\t\t<\/a>\n\t\t<\/h3>\n\t\t\t\t<div class=\"elementor-post__meta-data\">\n\t\t\t\t\t<span class=\"elementor-post-date\">\n\t\t\t12 mars 2026\t\t<\/span>\n\t\t\t\t<\/div>\n\t\t\t\t<div class=\"elementor-post__excerpt\">\n\t\t\t<p>Voir l&rsquo;ordre du jour du conseil municipal de Benavente pour mars\/avril 2026<\/p>\n\t\t<\/div>\n\t\t\n\t\t<a class=\"elementor-post__read-more\" href=\"https:\/\/www.visitbenavente.pt\/fr\/agenda-municipal-mars-avril-2026\/\" aria-label=\"En savoir plus sur Agenda municipal | mars\/avril 2026\" tabindex=\"-1\">\n\t\t\tLire la suite \"\t\t<\/a>\n\n\t\t\t\t<\/div>\n\t\t\t\t<\/article>\n\t\t\t\t<article class=\"elementor-post elementor-grid-item post-3932 post type-post status-publish format-standard has-post-thumbnail hentry category-actualites tag-btl tag-tourisme-benavente tag-visitbenavente tag-visitribatejo\" role=\"listitem\">\n\t\t\t\t<a class=\"elementor-post__thumbnail__link\" href=\"https:\/\/www.visitbenavente.pt\/fr\/la-municipalite-de-benavente-au-btl-2026\/\" tabindex=\"-1\">\n\t\t\t<div class=\"elementor-post__thumbnail\"><img decoding=\"async\" width=\"800\" height=\"640\" src=\"https:\/\/www.visitbenavente.pt\/wp-content\/uploads\/2026\/02\/BTL26-1024x819.jpg\" class=\"attachment-large size-large wp-image-3933\" alt=\"\" srcset=\"https:\/\/www.visitbenavente.pt\/wp-content\/uploads\/2026\/02\/BTL26-1024x819.jpg 1024w, https:\/\/www.visitbenavente.pt\/wp-content\/uploads\/2026\/02\/BTL26-300x240.jpg 300w, https:\/\/www.visitbenavente.pt\/wp-content\/uploads\/2026\/02\/BTL26-768x614.jpg 768w, https:\/\/www.visitbenavente.pt\/wp-content\/uploads\/2026\/02\/BTL26.jpg 1350w\" sizes=\"(max-width: 800px) 100vw, 800px\" \/><\/div>\n\t\t<\/a>\n\t\t\t\t<div class=\"elementor-post__text\">\n\t\t\t\t<h3 class=\"elementor-post__title\">\n\t\t\t<a href=\"https:\/\/www.visitbenavente.pt\/fr\/la-municipalite-de-benavente-au-btl-2026\/\">\n\t\t\t\tLa municipalit\u00e9 de Benavente au BTL 2026\t\t\t<\/a>\n\t\t<\/h3>\n\t\t\t\t<div class=\"elementor-post__meta-data\">\n\t\t\t\t\t<span class=\"elementor-post-date\">\n\t\t\t21 f\u00e9vrier 2026\t\t<\/span>\n\t\t\t\t<\/div>\n\t\t\t\t<div class=\"elementor-post__excerpt\">\n\t\t\t<p>La municipalit\u00e9 de Benavente au BTL 2026<\/p>\n\t\t<\/div>\n\t\t\n\t\t<a class=\"elementor-post__read-more\" href=\"https:\/\/www.visitbenavente.pt\/fr\/la-municipalite-de-benavente-au-btl-2026\/\" aria-label=\"En savoir plus sur La municipalit\u00e9 de Benavente au BTL 2026\" tabindex=\"-1\">\n\t\t\tLire la suite \"\t\t<\/a>\n\n\t\t\t\t<\/div>\n\t\t\t\t<\/article>\n\t\t\t\t<article class=\"elementor-post elementor-grid-item post-3938 post type-post status-publish format-standard has-post-thumbnail hentry category-actualites tag-argile tag-benavente tag-culture tag-journal tag-municipalite-de-benavente tag-saint-stephen tag-samora-correia\" role=\"listitem\">\n\t\t\t\t<a class=\"elementor-post__thumbnail__link\" href=\"https:\/\/www.visitbenavente.pt\/fr\/ordre-du-jour-du-conseil-municipal-janvier-fevrier-2026\/\" tabindex=\"-1\">\n\t\t\t<div class=\"elementor-post__thumbnail\"><img decoding=\"async\" width=\"800\" height=\"420\" src=\"https:\/\/www.visitbenavente.pt\/wp-content\/uploads\/2026\/01\/JANFEV26_1200-1024x538.png\" class=\"attachment-large size-large wp-image-3939\" alt=\"\" srcset=\"https:\/\/www.visitbenavente.pt\/wp-content\/uploads\/2026\/01\/JANFEV26_1200-1024x538.png 1024w, https:\/\/www.visitbenavente.pt\/wp-content\/uploads\/2026\/01\/JANFEV26_1200-300x158.png 300w, https:\/\/www.visitbenavente.pt\/wp-content\/uploads\/2026\/01\/JANFEV26_1200-768x403.png 768w, https:\/\/www.visitbenavente.pt\/wp-content\/uploads\/2026\/01\/JANFEV26_1200.png 1200w\" sizes=\"(max-width: 800px) 100vw, 800px\" \/><\/div>\n\t\t<\/a>\n\t\t\t\t<div class=\"elementor-post__text\">\n\t\t\t\t<h3 class=\"elementor-post__title\">\n\t\t\t<a href=\"https:\/\/www.visitbenavente.pt\/fr\/ordre-du-jour-du-conseil-municipal-janvier-fevrier-2026\/\">\n\t\t\t\tOrdre du jour du Conseil municipal | Janvier\/F\u00e9vrier 2026\t\t\t<\/a>\n\t\t<\/h3>\n\t\t\t\t<div class=\"elementor-post__meta-data\">\n\t\t\t\t\t<span class=\"elementor-post-date\">\n\t\t\t6 janvier 2026\t\t<\/span>\n\t\t\t\t<\/div>\n\t\t\t\t<div class=\"elementor-post__excerpt\">\n\t\t\t<p>Voir l&rsquo;ordre du jour du conseil municipal de Benavente pour janvier\/f\u00e9vrier 2026 ICI<\/p>\n\t\t<\/div>\n\t\t\n\t\t<a class=\"elementor-post__read-more\" href=\"https:\/\/www.visitbenavente.pt\/fr\/ordre-du-jour-du-conseil-municipal-janvier-fevrier-2026\/\" aria-label=\"En savoir plus sur Ordre du jour du Conseil municipal | Janvier\/F\u00e9vrier 2026\" tabindex=\"-1\">\n\t\t\tLire la suite \"\t\t<\/a>\n\n\t\t\t\t<\/div>\n\t\t\t\t<\/article>\n\t\t\t\t<article class=\"elementor-post elementor-grid-item post-3944 post type-post status-publish format-standard has-post-thumbnail hentry category-actualites tag-benavente tag-le-tourisme tag-marche-de-noel-de-benavente tag-municipalite-de-benavente tag-samora-correia\" role=\"listitem\">\n\t\t\t\t<a class=\"elementor-post__thumbnail__link\" href=\"https:\/\/www.visitbenavente.pt\/fr\/le-marche-de-noel-de-la-municipalite-de-benavente-sest-acheve-sur-un-grand-succes\/\" tabindex=\"-1\">\n\t\t\t<div class=\"elementor-post__thumbnail\"><img loading=\"lazy\" decoding=\"async\" width=\"800\" height=\"420\" src=\"https:\/\/www.visitbenavente.pt\/wp-content\/uploads\/2025\/12\/mercado-natal-benavente-1200-1024x538.webp\" class=\"attachment-large size-large wp-image-3945\" alt=\"\" srcset=\"https:\/\/www.visitbenavente.pt\/wp-content\/uploads\/2025\/12\/mercado-natal-benavente-1200-1024x538.webp 1024w, https:\/\/www.visitbenavente.pt\/wp-content\/uploads\/2025\/12\/mercado-natal-benavente-1200-300x158.webp 300w, https:\/\/www.visitbenavente.pt\/wp-content\/uploads\/2025\/12\/mercado-natal-benavente-1200-768x403.webp 768w, https:\/\/www.visitbenavente.pt\/wp-content\/uploads\/2025\/12\/mercado-natal-benavente-1200.webp 1200w\" sizes=\"(max-width: 800px) 100vw, 800px\" \/><\/div>\n\t\t<\/a>\n\t\t\t\t<div class=\"elementor-post__text\">\n\t\t\t\t<h3 class=\"elementor-post__title\">\n\t\t\t<a href=\"https:\/\/www.visitbenavente.pt\/fr\/le-marche-de-noel-de-la-municipalite-de-benavente-sest-acheve-sur-un-grand-succes\/\">\n\t\t\t\tLe march\u00e9 de No\u00ebl de la municipalit\u00e9 de Benavente s&rsquo;est achev\u00e9 sur un grand succ\u00e8s !\t\t\t<\/a>\n\t\t<\/h3>\n\t\t\t\t<div class=\"elementor-post__meta-data\">\n\t\t\t\t\t<span class=\"elementor-post-date\">\n\t\t\t9 d\u00e9cembre 2025\t\t<\/span>\n\t\t\t\t<\/div>\n\t\t\t\t<div class=\"elementor-post__excerpt\">\n\t\t\t<p>Nous remercions tout particuli\u00e8rement le personnel de l&rsquo;h\u00f4tel de ville, dont le d\u00e9vouement et l&rsquo;engagement sans faille ont rendu cet \u00e9v\u00e9nement magique. Nous remercions les<\/p>\n\t\t<\/div>\n\t\t\n\t\t<a class=\"elementor-post__read-more\" href=\"https:\/\/www.visitbenavente.pt\/fr\/le-marche-de-noel-de-la-municipalite-de-benavente-sest-acheve-sur-un-grand-succes\/\" aria-label=\"En savoir plus sur Le march\u00e9 de No\u00ebl de la municipalit\u00e9 de Benavente s&rsquo;est achev\u00e9 sur un grand succ\u00e8s !\" tabindex=\"-1\">\n\t\t\tLire la suite \"\t\t<\/a>\n\n\t\t\t\t<\/div>\n\t\t\t\t<\/article>\n\t\t\t\t<article class=\"elementor-post elementor-grid-item post-3950 post type-post status-publish format-standard has-post-thumbnail hentry category-actualites tag-benavente tag-le-tourisme tag-marche-de-noel-de-benavente tag-municipalite-de-benavente tag-samora-correia\" role=\"listitem\">\n\t\t\t\t<a class=\"elementor-post__thumbnail__link\" href=\"https:\/\/www.visitbenavente.pt\/fr\/un-cadre-magique-pour-le-marche-de-noel-de-benavente-du-28-novembre-au-8-decembre\/\" tabindex=\"-1\">\n\t\t\t<div class=\"elementor-post__thumbnail\"><img loading=\"lazy\" decoding=\"async\" width=\"800\" height=\"420\" src=\"https:\/\/www.visitbenavente.pt\/wp-content\/uploads\/2025\/11\/Mercados-de-Natal-1200x630-1-1024x538.webp\" class=\"attachment-large size-large wp-image-3951\" alt=\"\" srcset=\"https:\/\/www.visitbenavente.pt\/wp-content\/uploads\/2025\/11\/Mercados-de-Natal-1200x630-1-1024x538.webp 1024w, https:\/\/www.visitbenavente.pt\/wp-content\/uploads\/2025\/11\/Mercados-de-Natal-1200x630-1-300x158.webp 300w, https:\/\/www.visitbenavente.pt\/wp-content\/uploads\/2025\/11\/Mercados-de-Natal-1200x630-1-768x403.webp 768w, https:\/\/www.visitbenavente.pt\/wp-content\/uploads\/2025\/11\/Mercados-de-Natal-1200x630-1.webp 1200w\" sizes=\"(max-width: 800px) 100vw, 800px\" \/><\/div>\n\t\t<\/a>\n\t\t\t\t<div class=\"elementor-post__text\">\n\t\t\t\t<h3 class=\"elementor-post__title\">\n\t\t\t<a href=\"https:\/\/www.visitbenavente.pt\/fr\/un-cadre-magique-pour-le-marche-de-noel-de-benavente-du-28-novembre-au-8-decembre\/\">\n\t\t\t\tUn cadre magique pour le march\u00e9 de No\u00ebl de Benavente, du 28 novembre au 8 d\u00e9cembre.\t\t\t<\/a>\n\t\t<\/h3>\n\t\t\t\t<div class=\"elementor-post__meta-data\">\n\t\t\t\t\t<span class=\"elementor-post-date\">\n\t\t\t27 novembre 2025\t\t<\/span>\n\t\t\t\t<\/div>\n\t\t\t\t<div class=\"elementor-post__excerpt\">\n\t\t\t<p>Parmi les lumi\u00e8res scintillantes et les ar\u00f4mes traditionnels du Parque 25 de Abril, vous trouverez des objets artisanaux uniques, des producteurs locaux et des tavernes<\/p>\n\t\t<\/div>\n\t\t\n\t\t<a class=\"elementor-post__read-more\" href=\"https:\/\/www.visitbenavente.pt\/fr\/un-cadre-magique-pour-le-marche-de-noel-de-benavente-du-28-novembre-au-8-decembre\/\" aria-label=\"En savoir plus sur Un cadre magique pour le march\u00e9 de No\u00ebl de Benavente, du 28 novembre au 8 d\u00e9cembre.\" tabindex=\"-1\">\n\t\t\tLire la suite \"\t\t<\/a>\n\n\t\t\t\t<\/div>\n\t\t\t\t<\/article>\n\t\t\t\t<article class=\"elementor-post elementor-grid-item post-3956 post type-post status-publish format-standard has-post-thumbnail hentry category-non-classe tag-evenements tag-le-tourisme-2 tag-municipalite-de-benavente\" role=\"listitem\">\n\t\t\t\t<a class=\"elementor-post__thumbnail__link\" href=\"https:\/\/www.visitbenavente.pt\/fr\/ordre-du-jour-du-conseil-municipal-novembre-decembre-2025\/\" tabindex=\"-1\">\n\t\t\t<div class=\"elementor-post__thumbnail\"><img loading=\"lazy\" decoding=\"async\" width=\"800\" height=\"420\" src=\"https:\/\/www.visitbenavente.pt\/wp-content\/uploads\/2025\/11\/NOVDEZ25_1200-1024x538.png\" class=\"attachment-large size-large wp-image-3957\" alt=\"\" srcset=\"https:\/\/www.visitbenavente.pt\/wp-content\/uploads\/2025\/11\/NOVDEZ25_1200-1024x538.png 1024w, https:\/\/www.visitbenavente.pt\/wp-content\/uploads\/2025\/11\/NOVDEZ25_1200-300x158.png 300w, https:\/\/www.visitbenavente.pt\/wp-content\/uploads\/2025\/11\/NOVDEZ25_1200-768x403.png 768w, https:\/\/www.visitbenavente.pt\/wp-content\/uploads\/2025\/11\/NOVDEZ25_1200.png 1200w\" sizes=\"(max-width: 800px) 100vw, 800px\" \/><\/div>\n\t\t<\/a>\n\t\t\t\t<div class=\"elementor-post__text\">\n\t\t\t\t<h3 class=\"elementor-post__title\">\n\t\t\t<a href=\"https:\/\/www.visitbenavente.pt\/fr\/ordre-du-jour-du-conseil-municipal-novembre-decembre-2025\/\">\n\t\t\t\tOrdre du jour du Conseil municipal | novembre \/ d\u00e9cembre 2025\t\t\t<\/a>\n\t\t<\/h3>\n\t\t\t\t<div class=\"elementor-post__meta-data\">\n\t\t\t\t\t<span class=\"elementor-post-date\">\n\t\t\t11 novembre 2025\t\t<\/span>\n\t\t\t\t<\/div>\n\t\t\t\t<div class=\"elementor-post__excerpt\">\n\t\t\t<p>\u00c9v\u00e9nements dans la municipalit\u00e9 de Benavente<\/p>\n\t\t<\/div>\n\t\t\n\t\t<a class=\"elementor-post__read-more\" href=\"https:\/\/www.visitbenavente.pt\/fr\/ordre-du-jour-du-conseil-municipal-novembre-decembre-2025\/\" aria-label=\"En savoir plus sur Ordre du jour du Conseil municipal | novembre \/ d\u00e9cembre 2025\" tabindex=\"-1\">\n\t\t\tLire la suite \"\t\t<\/a>\n\n\t\t\t\t<\/div>\n\t\t\t\t<\/article>\n\t\t\t\t<\/div>\n\t\t\t\t\t<span class=\"e-load-more-spinner\">\n\t\t\t\t<svg aria-hidden=\"true\" class=\"e-font-icon-svg e-fas-spinner\" viewBox=\"0 0 512 512\" xmlns=\"http:\/\/www.w3.org\/2000\/svg\"><path d=\"M304 48c0 26.51-21.49 48-48 48s-48-21.49-48-48 21.49-48 48-48 48 21.49 48 48zm-48 368c-26.51 0-48 21.49-48 48s21.49 48 48 48 48-21.49 48-48-21.49-48-48-48zm208-208c-26.51 0-48 21.49-48 48s21.49 48 48 48 48-21.49 48-48-21.49-48-48-48zM96 256c0-26.51-21.49-48-48-48S0 229.49 0 256s21.49 48 48 48 48-21.49 48-48zm12.922 99.078c-26.51 0-48 21.49-48 48s21.49 48 48 48 48-21.49 48-48c0-26.509-21.491-48-48-48zm294.156 0c-26.51 0-48 21.49-48 48s21.49 48 48 48 48-21.49 48-48c0-26.509-21.49-48-48-48zM108.922 60.922c-26.51 0-48 21.49-48 48s21.49 48 48 48 48-21.49 48-48-21.491-48-48-48z\"><\/path><\/svg>\t\t\t<\/span>\n\t\t\n\t\t\t\t<div class=\"e-load-more-anchor\" data-page=\"1\" data-max-page=\"4\" data-next-page=\"https:\/\/www.visitbenavente.pt\/fr\/wp-json\/wp\/v2\/pages\/3676\/page\/2\/\"><\/div>\n\t\t\t\t<div class=\"e-load-more-message\"><\/div>\n\t\t\t\t\t\t<\/div>\n\t\t\t\t<\/div>\n\t\t\t\t\t<\/div>\n\t\t\t\t<\/div>\n\t\t\t\t<\/div>\n\t\t","protected":false},"excerpt":{"rendered":"<p>Consultez les nouvelles de l&rsquo;Office municipal du tourisme de Benavente.<\/p>\n","protected":false},"author":2,"featured_media":3677,"parent":0,"menu_order":0,"comment_status":"closed","ping_status":"closed","template":"","meta":{"footnotes":""},"class_list":["post-3676","page","type-page","status-publish","has-post-thumbnail","hentry"],"_links":{"self":[{"href":"https:\/\/www.visitbenavente.pt\/fr\/wp-json\/wp\/v2\/pages\/3676","targetHints":{"allow":["GET"]}}],"collection":[{"href":"https:\/\/www.visitbenavente.pt\/fr\/wp-json\/wp\/v2\/pages"}],"about":[{"href":"https:\/\/www.visitbenavente.pt\/fr\/wp-json\/wp\/v2\/types\/page"}],"author":[{"embeddable":true,"href":"https:\/\/www.visitbenavente.pt\/fr\/wp-json\/wp\/v2\/users\/2"}],"replies":[{"embeddable":true,"href":"https:\/\/www.visitbenavente.pt\/fr\/wp-json\/wp\/v2\/comments?post=3676"}],"version-history":[{"count":1,"href":"https:\/\/www.visitbenavente.pt\/fr\/wp-json\/wp\/v2\/pages\/3676\/revisions"}],"predecessor-version":[{"id":3678,"href":"https:\/\/www.visitbenavente.pt\/fr\/wp-json\/wp\/v2\/pages\/3676\/revisions\/3678"}],"wp:featuredmedia":[{"embeddable":true,"href":"https:\/\/www.visitbenavente.pt\/fr\/wp-json\/wp\/v2\/media\/3677"}],"wp:attachment":[{"href":"https:\/\/www.visitbenavente.pt\/fr\/wp-json\/wp\/v2\/media?parent=3676"}],"curies":[{"name":"wp","href":"https:\/\/api.w.org\/{rel}","templated":true}]}}